{"id":3967,"date":"2024-09-10T00:56:41","date_gmt":"2024-09-10T00:56:41","guid":{"rendered":"https:\/\/terrageosynthetics.com\/site\/?page_id=3967"},"modified":"2025-08-19T18:58:44","modified_gmt":"2025-08-19T18:58:44","slug":"mirafi-rsi-series-2","status":"publish","type":"page","link":"https:\/\/urreaingenieria.com\/site\/fabrinet-drainage\/mirafi-rsi-series-2\/","title":{"rendered":"MIRAFI RSi-Series"},"content":{"rendered":"\t\t<div data-elementor-type=\"wp-page\" data-elementor-id=\"3967\" class=\"elementor elementor-3967\" data-elementor-post-type=\"page\">\n\t\t\t\t<div class=\"elementor-element elementor-element-1d3c955 e-con-full e-flex e-con e-parent\" data-id=\"1d3c955\" data-element_type=\"container\" data-settings=\"{&quot;background_background&quot;:&quot;classic&quot;}\">\n\t\t<div class=\"elementor-element elementor-element-00100bf e-con-full container e-flex e-con e-child\" data-id=\"00100bf\" data-element_type=\"container\">\n\t\t\t\t<\/div>\n\t\t\t\t<\/div>\n\t\t<div class=\"elementor-element elementor-element-0d12e46 e-con-full e-flex e-con e-parent\" data-id=\"0d12e46\" data-element_type=\"container\" data-settings=\"{&quot;background_background&quot;:&quot;classic&quot;}\">\n\t\t<div class=\"elementor-element elementor-element-65c2be9 e-con-full container e-flex e-con e-child\" data-id=\"65c2be9\" data-element_type=\"container\">\n\t\t<div class=\"elementor-element elementor-element-ce2c541 e-grid e-con-full e-con e-child\" data-id=\"ce2c541\" data-element_type=\"container\">\n\t\t<div class=\"elementor-element elementor-element-b44f9b4 e-con-full e-flex e-con e-child\" data-id=\"b44f9b4\" data-element_type=\"container\">\n\t\t\t\t<div class=\"elementor-element elementor-element-70f7748 product-description-text elementor-widget elementor-widget-text-editor\" data-id=\"70f7748\" data-element_type=\"widget\" data-widget_type=\"text-editor.default\">\n\t\t\t\t<div class=\"elementor-widget-container\">\n\t\t\t\t\t\t\t\t\t<b>MIRAFI\u00ae<\/b> La Serie RSi est\u00e1 dise\u00f1ada para integrar las cinco propiedades clave de rendimiento de un geotextil tejido para el refuerzo y la estabilizaci\u00f3n de carreteras: alto m\u00f3dulo, separaci\u00f3n, confinamiento, alto flujo de agua e identificaci\u00f3n del producto. El patr\u00f3n \u00fanico del tejido permite a RSi combinar una alta resistencia del refuerzo con un alto flujo de agua para un rendimiento mejorado.\n\n<b>Puntos clave:<\/b>\t\t\t\t\t\t\t\t<\/div>\n\t\t\t\t<\/div>\n\t\t<div class=\"elementor-element elementor-element-094eb93 e-con-full e-flex e-con e-child\" data-id=\"094eb93\" data-element_type=\"container\">\n\t\t\t\t<div class=\"elementor-element elementor-element-81f745f elementor-view-default elementor-widget elementor-widget-icon\" data-id=\"81f745f\" data-element_type=\"widget\" data-widget_type=\"icon.default\">\n\t\t\t\t<div class=\"elementor-widget-container\">\n\t\t\t\t\t\t\t<div class=\"elementor-icon-wrapper\">\n\t\t\t<div class=\"elementor-icon\">\n\t\t\t<svg xmlns=\"http:\/\/www.w3.org\/2000\/svg\" width=\"28\" height=\"28\" viewBox=\"0 0 28 28\" fill=\"none\"><path d=\"M4 14C4 19.5228 8.47717 24 14 24C16.4011 24 18.6017 23.1548 20.3255 21.7447C22.5687 19.9115 24 17.1228 24 14C24 8.47718 19.5228 4 14 4C11.5989 4 9.39731 4.84624 7.67345 6.25529C5.43031 8.08949 4 10.8782 4 14Z\" fill=\"#112A3F\" stroke=\"#B4C1D1\" stroke-width=\"8\" stroke-linejoin=\"round\"><\/path><\/svg>\t\t\t<\/div>\n\t\t<\/div>\n\t\t\t\t\t\t<\/div>\n\t\t\t\t<\/div>\n\t\t\t\t<div class=\"elementor-element elementor-element-2f6177b product-description-text elementor-widget elementor-widget-text-editor\" data-id=\"2f6177b\" data-element_type=\"widget\" data-widget_type=\"text-editor.default\">\n\t\t\t\t<div class=\"elementor-widget-container\">\n\t\t\t\t\t\t\t\t\tPresenta un m\u00f3dulo y un flujo de agua superiores a las alternativas de estabilizaci\u00f3n tradicionales.\t\t\t\t\t\t\t\t<\/div>\n\t\t\t\t<\/div>\n\t\t\t\t<\/div>\n\t\t<div class=\"elementor-element elementor-element-3b4f056 e-con-full e-flex e-con e-child\" data-id=\"3b4f056\" data-element_type=\"container\">\n\t\t\t\t<div class=\"elementor-element elementor-element-8e21850 elementor-view-default elementor-widget elementor-widget-icon\" data-id=\"8e21850\" data-element_type=\"widget\" data-widget_type=\"icon.default\">\n\t\t\t\t<div class=\"elementor-widget-container\">\n\t\t\t\t\t\t\t<div class=\"elementor-icon-wrapper\">\n\t\t\t<div class=\"elementor-icon\">\n\t\t\t<svg xmlns=\"http:\/\/www.w3.org\/2000\/svg\" width=\"28\" height=\"28\" viewBox=\"0 0 28 28\" fill=\"none\"><path d=\"M4 14C4 19.5228 8.47717 24 14 24C16.4011 24 18.6017 23.1548 20.3255 21.7447C22.5687 19.9115 24 17.1228 24 14C24 8.47718 19.5228 4 14 4C11.5989 4 9.39731 4.84624 7.67345 6.25529C5.43031 8.08949 4 10.8782 4 14Z\" fill=\"#112A3F\" stroke=\"#B4C1D1\" stroke-width=\"8\" stroke-linejoin=\"round\"><\/path><\/svg>\t\t\t<\/div>\n\t\t<\/div>\n\t\t\t\t\t\t<\/div>\n\t\t\t\t<\/div>\n\t\t\t\t<div class=\"elementor-element elementor-element-01cd8b0 product-description-text elementor-widget elementor-widget-text-editor\" data-id=\"01cd8b0\" data-element_type=\"widget\" data-widget_type=\"text-editor.default\">\n\t\t\t\t<div class=\"elementor-widget-container\">\n\t\t\t\t\t\t\t\t\tLa construcci\u00f3n de doble capa proporciona distintos tama\u00f1os de poro para una excelente separaci\u00f3n y caracter\u00edsticas superiores de filtraci\u00f3n, interacci\u00f3n y flujo.\t\t\t\t\t\t\t\t<\/div>\n\t\t\t\t<\/div>\n\t\t\t\t<\/div>\n\t\t<div class=\"elementor-element elementor-element-d98dc2d e-con-full e-flex e-con e-child\" data-id=\"d98dc2d\" data-element_type=\"container\">\n\t\t\t\t<div class=\"elementor-element elementor-element-0392e8a elementor-view-default elementor-widget elementor-widget-icon\" data-id=\"0392e8a\" data-element_type=\"widget\" data-widget_type=\"icon.default\">\n\t\t\t\t<div class=\"elementor-widget-container\">\n\t\t\t\t\t\t\t<div class=\"elementor-icon-wrapper\">\n\t\t\t<div class=\"elementor-icon\">\n\t\t\t<svg xmlns=\"http:\/\/www.w3.org\/2000\/svg\" width=\"28\" height=\"28\" viewBox=\"0 0 28 28\" fill=\"none\"><path d=\"M4 14C4 19.5228 8.47717 24 14 24C16.4011 24 18.6017 23.1548 20.3255 21.7447C22.5687 19.9115 24 17.1228 24 14C24 8.47718 19.5228 4 14 4C11.5989 4 9.39731 4.84624 7.67345 6.25529C5.43031 8.08949 4 10.8782 4 14Z\" fill=\"#112A3F\" stroke=\"#B4C1D1\" stroke-width=\"8\" stroke-linejoin=\"round\"><\/path><\/svg>\t\t\t<\/div>\n\t\t<\/div>\n\t\t\t\t\t\t<\/div>\n\t\t\t\t<\/div>\n\t\t\t\t<div class=\"elementor-element elementor-element-9379eed product-description-text elementor-widget elementor-widget-text-editor\" data-id=\"9379eed\" data-element_type=\"widget\" data-widget_type=\"text-editor.default\">\n\t\t\t\t<div class=\"elementor-widget-container\">\n\t\t\t\t\t\t\t\t\tProporciona un excelente confinamiento del suelo y de la capa base, lo que da como resultado una mayor distribuci\u00f3n de la carga.\t\t\t\t\t\t\t\t<\/div>\n\t\t\t\t<\/div>\n\t\t\t\t<\/div>\n\t\t<div class=\"elementor-element elementor-element-f093d9f e-con-full e-flex e-con e-child\" data-id=\"f093d9f\" data-element_type=\"container\">\n\t\t\t\t<div class=\"elementor-element elementor-element-e946a31 elementor-view-default elementor-widget elementor-widget-icon\" data-id=\"e946a31\" data-element_type=\"widget\" data-widget_type=\"icon.default\">\n\t\t\t\t<div class=\"elementor-widget-container\">\n\t\t\t\t\t\t\t<div class=\"elementor-icon-wrapper\">\n\t\t\t<div class=\"elementor-icon\">\n\t\t\t<svg xmlns=\"http:\/\/www.w3.org\/2000\/svg\" width=\"28\" height=\"28\" viewBox=\"0 0 28 28\" fill=\"none\"><path d=\"M4 14C4 19.5228 8.47717 24 14 24C16.4011 24 18.6017 23.1548 20.3255 21.7447C22.5687 19.9115 24 17.1228 24 14C24 8.47718 19.5228 4 14 4C11.5989 4 9.39731 4.84624 7.67345 6.25529C5.43031 8.08949 4 10.8782 4 14Z\" fill=\"#112A3F\" stroke=\"#B4C1D1\" stroke-width=\"8\" stroke-linejoin=\"round\"><\/path><\/svg>\t\t\t<\/div>\n\t\t<\/div>\n\t\t\t\t\t\t<\/div>\n\t\t\t\t<\/div>\n\t\t\t\t<div class=\"elementor-element elementor-element-4cea382 product-description-text elementor-widget elementor-widget-text-editor\" data-id=\"4cea382\" data-element_type=\"widget\" data-widget_type=\"text-editor.default\">\n\t\t\t\t<div class=\"elementor-widget-container\">\n\t\t\t\t\t\t\t\t\tEl dise\u00f1o duradero proporciona resistencia a da\u00f1os por estr\u00e9s moderado a severo durante la instalaci\u00f3n.\t\t\t\t\t\t\t\t<\/div>\n\t\t\t\t<\/div>\n\t\t\t\t<\/div>\n\t\t<div class=\"elementor-element elementor-element-7d8cc1c e-con-full e-flex e-con e-child\" data-id=\"7d8cc1c\" data-element_type=\"container\">\n\t\t\t\t<div class=\"elementor-element elementor-element-435f19f elementor-view-default elementor-widget elementor-widget-icon\" data-id=\"435f19f\" data-element_type=\"widget\" data-widget_type=\"icon.default\">\n\t\t\t\t<div class=\"elementor-widget-container\">\n\t\t\t\t\t\t\t<div class=\"elementor-icon-wrapper\">\n\t\t\t<div class=\"elementor-icon\">\n\t\t\t<svg xmlns=\"http:\/\/www.w3.org\/2000\/svg\" width=\"28\" height=\"28\" viewBox=\"0 0 28 28\" fill=\"none\"><path d=\"M4 14C4 19.5228 8.47717 24 14 24C16.4011 24 18.6017 23.1548 20.3255 21.7447C22.5687 19.9115 24 17.1228 24 14C24 8.47718 19.5228 4 14 4C11.5989 4 9.39731 4.84624 7.67345 6.25529C5.43031 8.08949 4 10.8782 4 14Z\" fill=\"#112A3F\" stroke=\"#B4C1D1\" stroke-width=\"8\" stroke-linejoin=\"round\"><\/path><\/svg>\t\t\t<\/div>\n\t\t<\/div>\n\t\t\t\t\t\t<\/div>\n\t\t\t\t<\/div>\n\t\t\t\t<div class=\"elementor-element elementor-element-72b3a29 product-description-text elementor-widget elementor-widget-text-editor\" data-id=\"72b3a29\" data-element_type=\"widget\" data-widget_type=\"text-editor.default\">\n\t\t\t\t<div class=\"elementor-widget-container\">\n\t\t\t\t\t\t\t\t\tEl color naranja distintivo permite una f\u00e1cil identificaci\u00f3n del producto.\t\t\t\t\t\t\t\t<\/div>\n\t\t\t\t<\/div>\n\t\t\t\t<\/div>\n\t\t<div class=\"elementor-element elementor-element-7e95b9a e-con-full e-flex e-con e-child\" data-id=\"7e95b9a\" data-element_type=\"container\">\n\t\t\t\t<div class=\"elementor-element elementor-element-e011708 elementor-view-default elementor-widget elementor-widget-icon\" data-id=\"e011708\" data-element_type=\"widget\" data-widget_type=\"icon.default\">\n\t\t\t\t<div class=\"elementor-widget-container\">\n\t\t\t\t\t\t\t<div class=\"elementor-icon-wrapper\">\n\t\t\t<div class=\"elementor-icon\">\n\t\t\t<svg xmlns=\"http:\/\/www.w3.org\/2000\/svg\" width=\"28\" height=\"28\" viewBox=\"0 0 28 28\" fill=\"none\"><path d=\"M4 14C4 19.5228 8.47717 24 14 24C16.4011 24 18.6017 23.1548 20.3255 21.7447C22.5687 19.9115 24 17.1228 24 14C24 8.47718 19.5228 4 14 4C11.5989 4 9.39731 4.84624 7.67345 6.25529C5.43031 8.08949 4 10.8782 4 14Z\" fill=\"#112A3F\" stroke=\"#B4C1D1\" stroke-width=\"8\" stroke-linejoin=\"round\"><\/path><\/svg>\t\t\t<\/div>\n\t\t<\/div>\n\t\t\t\t\t\t<\/div>\n\t\t\t\t<\/div>\n\t\t\t\t<div class=\"elementor-element elementor-element-4988aba product-description-text elementor-widget elementor-widget-text-editor\" data-id=\"4988aba\" data-element_type=\"widget\" data-widget_type=\"text-editor.default\">\n\t\t\t\t<div class=\"elementor-widget-container\">\n\t\t\t\t\t\t\t\t\tLos paneles se pueden unir en la f\u00e1brica o en el campo, lo que proporciona resistencia en la direcci\u00f3n transversal del rollo para facilitar una instalaci\u00f3n eficiente.\t\t\t\t\t\t\t\t<\/div>\n\t\t\t\t<\/div>\n\t\t\t\t<\/div>\n\t\t<div class=\"elementor-element elementor-element-2825722 e-con-full e-flex e-con e-child\" data-id=\"2825722\" data-element_type=\"container\">\n\t\t\t\t<div class=\"elementor-element elementor-element-1aa57c8 elementor-view-default elementor-widget elementor-widget-icon\" data-id=\"1aa57c8\" data-element_type=\"widget\" data-widget_type=\"icon.default\">\n\t\t\t\t<div class=\"elementor-widget-container\">\n\t\t\t\t\t\t\t<div class=\"elementor-icon-wrapper\">\n\t\t\t<div class=\"elementor-icon\">\n\t\t\t<svg xmlns=\"http:\/\/www.w3.org\/2000\/svg\" width=\"28\" height=\"28\" viewBox=\"0 0 28 28\" fill=\"none\"><path d=\"M4 14C4 19.5228 8.47717 24 14 24C16.4011 24 18.6017 23.1548 20.3255 21.7447C22.5687 19.9115 24 17.1228 24 14C24 8.47718 19.5228 4 14 4C11.5989 4 9.39731 4.84624 7.67345 6.25529C5.43031 8.08949 4 10.8782 4 14Z\" fill=\"#112A3F\" stroke=\"#B4C1D1\" stroke-width=\"8\" stroke-linejoin=\"round\"><\/path><\/svg>\t\t\t<\/div>\n\t\t<\/div>\n\t\t\t\t\t\t<\/div>\n\t\t\t\t<\/div>\n\t\t\t\t<div class=\"elementor-element elementor-element-e22ca7a product-description-text elementor-widget elementor-widget-text-editor\" data-id=\"e22ca7a\" data-element_type=\"widget\" data-widget_type=\"text-editor.default\">\n\t\t\t\t<div class=\"elementor-widget-container\">\n\t\t\t\t\t\t\t\t\tAhora disponible con propiedades de gesti\u00f3n pasiva de la humedad. <b>Haga clic aqu\u00ed para obtener m\u00e1s informaci\u00f3n.<\/b>\t\t\t\t\t\t\t\t<\/div>\n\t\t\t\t<\/div>\n\t\t\t\t<\/div>\n\t\t\t\t<\/div>\n\t\t<div class=\"elementor-element elementor-element-7c01eee e-con-full e-flex e-con e-child\" data-id=\"7c01eee\" data-element_type=\"container\" data-settings=\"{&quot;background_background&quot;:&quot;classic&quot;}\">\n\t\t\t\t<div class=\"elementor-element elementor-element-652d827 elementor-widget elementor-widget-heading\" data-id=\"652d827\" data-element_type=\"widget\" data-widget_type=\"heading.default\">\n\t\t\t\t<div class=\"elementor-widget-container\">\n\t\t\t\t\t<div class=\"elementor-heading-title elementor-size-default\">Aplicaciones<\/div>\t\t\t\t<\/div>\n\t\t\t\t<\/div>\n\t\t<div class=\"elementor-element elementor-element-507c513 e-grid e-con-full e-con e-child\" data-id=\"507c513\" data-element_type=\"container\">\n\t\t<div class=\"elementor-element elementor-element-0936088 e-con-full e-flex e-con e-child\" data-id=\"0936088\" data-element_type=\"container\">\n\t\t\t\t<div class=\"elementor-element elementor-element-6eaed20 elementor-widget elementor-widget-text-editor\" data-id=\"6eaed20\" data-element_type=\"widget\" data-widget_type=\"text-editor.default\">\n\t\t\t\t<div class=\"elementor-widget-container\">\n\t\t\t\t\t\t\t\t\t<h4>Estabilizaci\u00f3n y refuerzo de carreteras<\/h4>\t\t\t\t\t\t\t\t<\/div>\n\t\t\t\t<\/div>\n\t\t\t\t<\/div>\n\t\t<div class=\"elementor-element elementor-element-cdaa3f8 e-con-full e-flex e-con e-child\" data-id=\"cdaa3f8\" data-element_type=\"container\" data-settings=\"{&quot;background_background&quot;:&quot;classic&quot;}\">\n\t\t\t\t<div class=\"elementor-element elementor-element-938bf4d elementor-widget elementor-widget-image\" data-id=\"938bf4d\" data-element_type=\"widget\" data-settings=\"{&quot;ekit_adv_tooltip_content&quot;:&quot;Filtration&quot;,&quot;ekit_adv_tooltip_enable&quot;:&quot;yes&quot;,&quot;ekit_adv_tooltip_position&quot;:&quot;bottom&quot;,&quot;ekit_adv_tooltip_image&quot;:{&quot;url&quot;:&quot;&quot;,&quot;id&quot;:&quot;&quot;,&quot;size&quot;:&quot;&quot;},&quot;ekit_adv_tooltip_animation&quot;:&quot;fade&quot;,&quot;ekit_adv_tooltip_arrow&quot;:1,&quot;ekit_adv_tooltip_trigger&quot;:&quot;mouseenter&quot;,&quot;ekit_adv_tooltip_width&quot;:{&quot;unit&quot;:&quot;px&quot;,&quot;size&quot;:&quot;&quot;,&quot;sizes&quot;:[]}}\" data-widget_type=\"image.default\">\n\t\t\t\t<div class=\"elementor-widget-container\">\n\t\t\t\t\t\t\t\t\t\t\t\t\t\t\t<img decoding=\"async\" src=\"https:\/\/urreaingenieria.com\/site\/wp-content\/uploads\/elementor\/thumbs\/Filtration-qtobie6hqmbzy8chatrl4rjnkl3ohtjqur8igbveo2.webp\" title=\"\" alt=\"\" loading=\"lazy\" \/>\t\t\t\t\t\t\t\t\t\t\t\t\t\t\t<\/div>\n\t\t\t\t<\/div>\n\t\t\t\t<div class=\"elementor-element elementor-element-261eb10 elementor-widget elementor-widget-image\" data-id=\"261eb10\" data-element_type=\"widget\" data-settings=\"{&quot;ekit_adv_tooltip_content&quot;:&quot;Reinforcement&quot;,&quot;ekit_adv_tooltip_enable&quot;:&quot;yes&quot;,&quot;ekit_adv_tooltip_position&quot;:&quot;bottom&quot;,&quot;ekit_adv_tooltip_arrow&quot;:&quot;1&quot;,&quot;ekit_adv_tooltip_image&quot;:{&quot;url&quot;:&quot;&quot;,&quot;id&quot;:&quot;&quot;,&quot;size&quot;:&quot;&quot;},&quot;ekit_adv_tooltip_animation&quot;:&quot;fade&quot;,&quot;ekit_adv_tooltip_trigger&quot;:&quot;mouseenter&quot;,&quot;ekit_adv_tooltip_width&quot;:{&quot;unit&quot;:&quot;px&quot;,&quot;size&quot;:&quot;&quot;,&quot;sizes&quot;:[]}}\" data-widget_type=\"image.default\">\n\t\t\t\t<div class=\"elementor-widget-container\">\n\t\t\t\t\t\t\t\t\t\t\t\t\t\t\t<img decoding=\"async\" src=\"https:\/\/urreaingenieria.com\/site\/wp-content\/uploads\/elementor\/thumbs\/Reinforcement-qtvnlyzjzzho2k24q12j52711xgkusz2cwccwcw3r6.webp\" title=\"Reinforcement\" alt=\"Reinforcement\" loading=\"lazy\" \/>\t\t\t\t\t\t\t\t\t\t\t\t\t\t\t<\/div>\n\t\t\t\t<\/div>\n\t\t\t\t<\/div>\n\t\t\t\t<\/div>\n\t\t<div class=\"elementor-element elementor-element-409f511 e-grid e-con-full e-con e-child\" data-id=\"409f511\" data-element_type=\"container\">\n\t\t\t\t<div class=\"elementor-element elementor-element-3dea5b6 elementor-widget elementor-widget-text-editor\" data-id=\"3dea5b6\" data-element_type=\"widget\" data-widget_type=\"text-editor.default\">\n\t\t\t\t<div class=\"elementor-widget-container\">\n\t\t\t\t\t\t\t\t\tSistemas de control de la erosi\u00f3n\t\t\t\t\t\t\t\t<\/div>\n\t\t\t\t<\/div>\n\t\t\t\t<div class=\"elementor-element elementor-element-d0acf05 elementor-widget elementor-widget-image\" data-id=\"d0acf05\" data-element_type=\"widget\" data-settings=\"{&quot;ekit_adv_tooltip_content&quot;:&quot;Separation&quot;,&quot;ekit_adv_tooltip_enable&quot;:&quot;yes&quot;,&quot;ekit_adv_tooltip_position&quot;:&quot;bottom&quot;,&quot;ekit_adv_tooltip_image&quot;:{&quot;url&quot;:&quot;&quot;,&quot;id&quot;:&quot;&quot;,&quot;size&quot;:&quot;&quot;},&quot;ekit_adv_tooltip_animation&quot;:&quot;fade&quot;,&quot;ekit_adv_tooltip_arrow&quot;:1,&quot;ekit_adv_tooltip_trigger&quot;:&quot;mouseenter&quot;,&quot;ekit_adv_tooltip_width&quot;:{&quot;unit&quot;:&quot;px&quot;,&quot;size&quot;:&quot;&quot;,&quot;sizes&quot;:[]}}\" data-widget_type=\"image.default\">\n\t\t\t\t<div class=\"elementor-widget-container\">\n\t\t\t\t\t\t\t\t\t\t\t\t\t\t\t<img decoding=\"async\" src=\"https:\/\/urreaingenieria.com\/site\/wp-content\/uploads\/elementor\/thumbs\/Separation-qtobie6hqmbzy8chatrl4rjnkl3ohtjqur8igbveo2.webp\" title=\"\" alt=\"\" loading=\"lazy\" \/>\t\t\t\t\t\t\t\t\t\t\t\t\t\t\t<\/div>\n\t\t\t\t<\/div>\n\t\t<div class=\"elementor-element elementor-element-cf73d7f e-con-full e-flex e-con e-child\" data-id=\"cf73d7f\" data-element_type=\"container\">\n\t\t\t\t<div class=\"elementor-element elementor-element-46959d0 elementor-widget elementor-widget-image\" data-id=\"46959d0\" data-element_type=\"widget\" data-settings=\"{&quot;ekit_adv_tooltip_content&quot;:&quot;Erosion Protection&quot;,&quot;ekit_adv_tooltip_enable&quot;:&quot;yes&quot;,&quot;ekit_adv_tooltip_position&quot;:&quot;bottom&quot;,&quot;ekit_adv_tooltip_image&quot;:{&quot;url&quot;:&quot;&quot;,&quot;id&quot;:&quot;&quot;,&quot;size&quot;:&quot;&quot;},&quot;ekit_adv_tooltip_animation&quot;:&quot;fade&quot;,&quot;ekit_adv_tooltip_arrow&quot;:1,&quot;ekit_adv_tooltip_trigger&quot;:&quot;mouseenter&quot;,&quot;ekit_adv_tooltip_width&quot;:{&quot;unit&quot;:&quot;px&quot;,&quot;size&quot;:&quot;&quot;,&quot;sizes&quot;:[]}}\" data-widget_type=\"image.default\">\n\t\t\t\t<div class=\"elementor-widget-container\">\n\t\t\t\t\t\t\t\t\t\t\t\t\t\t\t<img decoding=\"async\" src=\"https:\/\/urreaingenieria.com\/site\/wp-content\/uploads\/elementor\/thumbs\/Erosion_Protection-qtiu0bftdl6aw84n5ggoeyuoaxrg871en5almy1wxu.png\" title=\"\" alt=\"\" loading=\"lazy\" \/>\t\t\t\t\t\t\t\t\t\t\t\t\t\t\t<\/div>\n\t\t\t\t<\/div>\n\t\t\t\t<\/div>\n\t\t<div class=\"elementor-element elementor-element-68c80b3 e-con-full e-flex e-con e-child\" data-id=\"68c80b3\" data-element_type=\"container\" data-settings=\"{&quot;background_background&quot;:&quot;classic&quot;}\">\n\t\t\t\t<\/div>\n\t\t\t\t<\/div>\n\t\t\t\t<\/div>\n\t\t\t\t<\/div>\n\t\t\t\t<\/div>\n\t\t<div class=\"elementor-element elementor-element-7cb5a7f e-con-full container e-flex e-con e-child\" data-id=\"7cb5a7f\" data-element_type=\"container\">\n\t\t\t\t<div class=\"elementor-element elementor-element-f148051 elementor-widget elementor-widget-heading\" data-id=\"f148051\" data-element_type=\"widget\" data-widget_type=\"heading.default\">\n\t\t\t\t<div class=\"elementor-widget-container\">\n\t\t\t\t\t<h2 class=\"elementor-heading-title elementor-size-default\">Recursos<\/h2>\t\t\t\t<\/div>\n\t\t\t\t<\/div>\n\t\t\t\t<div class=\"elementor-element elementor-element-ef27622 elementor-widget-divider--view-line elementor-widget elementor-widget-divider\" data-id=\"ef27622\" data-element_type=\"widget\" data-widget_type=\"divider.default\">\n\t\t\t\t<div class=\"elementor-widget-container\">\n\t\t\t\t\t\t\t<div class=\"elementor-divider\">\n\t\t\t<span class=\"elementor-divider-separator\">\n\t\t\t\t\t\t<\/span>\n\t\t<\/div>\n\t\t\t\t\t\t<\/div>\n\t\t\t\t<\/div>\n\t\t\t\t<div class=\"elementor-element elementor-element-c6bb761 elementor-widget elementor-widget-n-accordion\" data-id=\"c6bb761\" data-element_type=\"widget\" data-settings=\"{&quot;n_accordion_animation_duration&quot;:{&quot;unit&quot;:&quot;ms&quot;,&quot;size&quot;:200,&quot;sizes&quot;:[]},&quot;default_state&quot;:&quot;expanded&quot;,&quot;max_items_expended&quot;:&quot;one&quot;}\" data-widget_type=\"nested-accordion.default\">\n\t\t\t\t<div class=\"elementor-widget-container\">\n\t\t\t\t\t\t\t<div class=\"e-n-accordion\" aria-label=\"Accordion. Open links with Enter or Space, close with Escape, and navigate with Arrow Keys\">\n\t\t\t\t\t\t<details id=\"e-n-accordion-item-2080\" class=\"e-n-accordion-item\" open>\n\t\t\t\t<summary class=\"e-n-accordion-item-title\" data-accordion-index=\"1\" tabindex=\"0\" aria-expanded=\"true\" aria-controls=\"e-n-accordion-item-2080\" >\n\t\t\t\t\t<span class='e-n-accordion-item-title-header'><div class=\"e-n-accordion-item-title-text\"> Fichas de productos <span class=\"text-sm\" style=\"margin-left:8px;color:slategray\">1 Resultado<\/span> <\/div><\/span>\n\t\t\t\t\t\t\t<span class='e-n-accordion-item-title-icon'>\n\t\t\t<span class='e-opened' ><i aria-hidden=\"true\" class=\"icon icon-up-arrow1\"><\/i><\/span>\n\t\t\t<span class='e-closed'><i aria-hidden=\"true\" class=\"icon icon-down-arrow1\"><\/i><\/span>\n\t\t<\/span>\n\n\t\t\t\t\t\t<\/summary>\n\t\t\t\t<div role=\"region\" aria-labelledby=\"e-n-accordion-item-2080\" class=\"elementor-element elementor-element-1835826 e-con-full e-flex e-con e-child\" data-id=\"1835826\" data-element_type=\"container\">\n\t\t<a role=\"region\" aria-labelledby=\"e-n-accordion-item-2080\" class=\"elementor-element elementor-element-a7a8e5e e-con-full resources-item e-flex e-con e-child\" data-id=\"a7a8e5e\" data-element_type=\"container\" href=\"https:\/\/urreaingenieria.com\/site\/pdf-fire-mitigation\/\">\n\t\t\t\t<div class=\"elementor-element elementor-element-9054d65 elementor-widget elementor-widget-heading\" data-id=\"9054d65\" data-element_type=\"widget\" data-widget_type=\"heading.default\">\n\t\t\t\t<div class=\"elementor-widget-container\">\n\t\t\t\t\t<h2 class=\"elementor-heading-title elementor-size-default\">FABRINET Drenaje de carb\u00f3n<\/h2>\t\t\t\t<\/div>\n\t\t\t\t<\/div>\n\t\t\t\t<div class=\"elementor-element elementor-element-494b8af elementor-widget elementor-widget-text-editor\" data-id=\"494b8af\" data-element_type=\"widget\" data-widget_type=\"text-editor.default\">\n\t\t\t\t<div class=\"elementor-widget-container\">\n\t\t\t\t\t\t\t\t\t<p>English<\/p>\t\t\t\t\t\t\t\t<\/div>\n\t\t\t\t<\/div>\n\t\t\t\t<div class=\"elementor-element elementor-element-de64c20 elementor-widget elementor-widget-text-editor\" data-id=\"de64c20\" data-element_type=\"widget\" data-widget_type=\"text-editor.default\">\n\t\t\t\t<div class=\"elementor-widget-container\">\n\t\t\t\t\t\t\t\t\t594.34 KB\t\t\t\t\t\t\t\t<\/div>\n\t\t\t\t<\/div>\n\t\t\t\t<div class=\"elementor-element elementor-element-3cb61f5 elementor-view-default elementor-widget elementor-widget-icon\" data-id=\"3cb61f5\" data-element_type=\"widget\" data-widget_type=\"icon.default\">\n\t\t\t\t<div class=\"elementor-widget-container\">\n\t\t\t\t\t\t\t<div class=\"elementor-icon-wrapper\">\n\t\t\t<div class=\"elementor-icon\">\n\t\t\t<svg xmlns=\"http:\/\/www.w3.org\/2000\/svg\" width=\"28\" height=\"28\" viewBox=\"0 0 40 42\" fill=\"none\"><g stroke=\"currentColor\" stroke-linecap=\"round\" stroke-linejoin=\"round\" stroke-width=\"1.5\"><path d=\"M14.25 19.013v11.75m0 0 3.834-3.917m-3.834 3.917-3.833-3.917M39.167 17.055v9.791c0 9.792-3.834 13.708-13.417 13.708h-11.5C4.667 40.554.833 36.639.833 26.846v-11.75c0-9.791 3.834-13.708 13.417-13.708h9.583\"><\/path><path d=\"M39.167 17.055H31.5c-5.75 0-7.667-1.959-7.667-7.834V1.388l15.334 15.667Z\"><\/path><\/g><\/svg>\t\t\t<\/div>\n\t\t<\/div>\n\t\t\t\t\t\t<\/div>\n\t\t\t\t<\/div>\n\t\t\t\t<\/a>\n\t\t\t\t<\/div>\n\t\t\t\t\t<\/details>\n\t\t\t\t\t<\/div>\n\t\t\t\t\t\t<\/div>\n\t\t\t\t<\/div>\n\t\t\t\t<\/div>\n\t\t\t\t<\/div>\n\t\t\t\t<\/div>\n\t\t","protected":false},"excerpt":{"rendered":"<p>MIRAFI\u00ae La Serie RSi est\u00e1 dise\u00f1ada para integrar las cinco propiedades clave de rendimiento de un geotextil tejido para el refuerzo y la estabilizaci\u00f3n de carreteras: alto m\u00f3dulo, separaci\u00f3n, confinamiento, alto flujo de agua e identificaci\u00f3n del producto. El patr\u00f3n \u00fanico del tejido permite a RSi combinar una alta resistencia del refuerzo con un alto [&hellip;]<\/p>\n","protected":false},"author":1,"featured_media":0,"parent":3123,"menu_order":0,"comment_status":"closed","ping_status":"closed","template":"","meta":{"footnotes":""},"class_list":["post-3967","page","type-page","status-publish","hentry"],"_links":{"self":[{"href":"https:\/\/urreaingenieria.com\/site\/wp-json\/wp\/v2\/pages\/3967","targetHints":{"allow":["GET"]}}],"collection":[{"href":"https:\/\/urreaingenieria.com\/site\/wp-json\/wp\/v2\/pages"}],"about":[{"href":"https:\/\/urreaingenieria.com\/site\/wp-json\/wp\/v2\/types\/page"}],"author":[{"embeddable":true,"href":"https:\/\/urreaingenieria.com\/site\/wp-json\/wp\/v2\/users\/1"}],"replies":[{"embeddable":true,"href":"https:\/\/urreaingenieria.com\/site\/wp-json\/wp\/v2\/comments?post=3967"}],"version-history":[{"count":18,"href":"https:\/\/urreaingenieria.com\/site\/wp-json\/wp\/v2\/pages\/3967\/revisions"}],"predecessor-version":[{"id":7694,"href":"https:\/\/urreaingenieria.com\/site\/wp-json\/wp\/v2\/pages\/3967\/revisions\/7694"}],"up":[{"embeddable":true,"href":"https:\/\/urreaingenieria.com\/site\/wp-json\/wp\/v2\/pages\/3123"}],"wp:attachment":[{"href":"https:\/\/urreaingenieria.com\/site\/wp-json\/wp\/v2\/media?parent=3967"}],"curies":[{"name":"wp","href":"https:\/\/api.w.org\/{rel}","templated":true}]}}